{"id":38,"date":"2025-04-17T01:49:35","date_gmt":"2025-04-16T23:49:35","guid":{"rendered":"https:\/\/www.aravis-ce.com\/?page_id=38"},"modified":"2025-04-17T01:49:35","modified_gmt":"2025-04-16T23:49:35","slug":"accompagnement-des-instances-representatives-du-personnel-irp","status":"publish","type":"page","link":"https:\/\/www.aravis-ce.com\/index.php\/accompagnement-des-instances-representatives-du-personnel-irp\/","title":{"rendered":"Accompagnement des instances repr\u00e9sentatives du personnel (IRP)"},"content":{"rendered":"\n<h2 class=\"wp-block-heading\"><\/h2>\n\n\n\n<p>ARAVIS CE propose un <strong>accompagnement sur mesure des IRP<\/strong>, notamment des membres de <strong>Comit\u00e9s Sociaux et \u00c9conomiques (CSE)<\/strong> et autres repr\u00e9sentants du personnel. L\u2019objectif est d\u2019<strong>outiller les \u00e9lus<\/strong> pour qu\u2019ils puissent exercer efficacement leurs mandats. Le cabinet apporte son <strong>expertise strat\u00e9gique en relations sociales<\/strong> pour assister les CSE face aux projets de l\u2019entreprise et aux enjeux quotidiens. Concr\u00e8tement, cela peut inclure :<\/p>\n\n\n\n<ul class=\"wp-block-list\">\n<li><strong>Conseil technique et strat\u00e9gique aux CSE<\/strong> : aide \u00e0 l\u2019analyse des informations \u00e9conomiques et sociales fournies par l\u2019employeur, d\u00e9cryptage des enjeux (emploi, finances, organisation, etc.) afin d\u2019anticiper les points de tension et de pr\u00e9parer des avis argument\u00e9s<\/li>\n\n\n\n<li><strong>Assistance lors des consultations et r\u00e9unions<\/strong> : appui \u00e0 la pr\u00e9paration des r\u00e9unions du CSE (questions \u00e0 poser, lecture de documents budg\u00e9taires ou plans de restructuration), coaching des \u00e9lus pour d\u00e9velopper un <strong>dialogue constructif<\/strong> avec la direction. ARAVIS CE peut, par exemple, r\u00e9aliser des <strong>diagnostics \u201c360\u00b0\u201d de l\u2019entreprise<\/strong> pour offrir aux \u00e9lus une vision globale de la situation (\u00e9conomique, sociale, conditions de travail)\u200b<\/li>\n\n\n\n<li><strong>Missions d\u2019expertise et de m\u00e9diation<\/strong> : gr\u00e2ce \u00e0 son exp\u00e9rience de plus de 20 ans en tant qu\u2019<strong>expert en relations sociales aupr\u00e8s des CSE<\/strong>, Notre \u00e9quipe peut intervenir en tant qu\u2019experts sur des dossiers complexes (r\u00e9organisations, plans sociaux) ou en tant que <strong>m\u00e9diateur<\/strong> en cas de conflit social. L\u2019accompagnement peut aller jusqu\u2019\u00e0 de la <strong>m\u00e9diation entre direction et repr\u00e9sentants<\/strong> pour r\u00e9tablir le dialogue en cas de blocage.<\/li>\n<\/ul>\n\n\n\n<p><em>Public concern\u00e9 :<\/em> Principalement les <strong>\u00e9lus du personnel<\/strong> (CSE, commissions sp\u00e9cifiques comme la CSSCT, d\u00e9l\u00e9gu\u00e9s syndicaux). Indirectement, cet accompagnement b\u00e9n\u00e9ficie aussi aux <strong>RH et directions<\/strong> cherchant \u00e0 am\u00e9liorer le fonctionnement du dialogue social dans l\u2019entreprise.<\/p>\n\n\n\n<p><em>Objectifs :<\/em> Permettre aux repr\u00e9sentants du personnel de <strong>mieux comprendre les enjeux \u00e9conomiques et sociaux<\/strong> de leur entreprise et d\u2019exercer pleinement leurs pr\u00e9rogatives (droit d\u2019alerte, consultations, n\u00e9gociations)\u200b. <br>Au final, il s\u2019agit de <strong>favoriser un dialogue social de qualit\u00e9<\/strong>, \u00e9quilibr\u00e9 et constructif, au service de la performance de l\u2019entreprise et des int\u00e9r\u00eats des salari\u00e9s.<\/p>\n","protected":false},"excerpt":{"rendered":"<p>ARAVIS CE propose un accompagnement sur mesure des IRP, notamment des membres de Comit\u00e9s Sociaux&hellip;<\/p>\n","protected":false},"author":1,"featured_media":0,"parent":0,"menu_order":0,"comment_status":"closed","ping_status":"closed","template":"","meta":{"footnotes":""},"class_list":["post-38","page","type-page","status-publish","hentry"],"_links":{"self":[{"href":"https:\/\/www.aravis-ce.com\/index.php\/wp-json\/wp\/v2\/pages\/38","targetHints":{"allow":["GET"]}}],"collection":[{"href":"https:\/\/www.aravis-ce.com\/index.php\/wp-json\/wp\/v2\/pages"}],"about":[{"href":"https:\/\/www.aravis-ce.com\/index.php\/wp-json\/wp\/v2\/types\/page"}],"author":[{"embeddable":true,"href":"https:\/\/www.aravis-ce.com\/index.php\/wp-json\/wp\/v2\/users\/1"}],"replies":[{"embeddable":true,"href":"https:\/\/www.aravis-ce.com\/index.php\/wp-json\/wp\/v2\/comments?post=38"}],"version-history":[{"count":1,"href":"https:\/\/www.aravis-ce.com\/index.php\/wp-json\/wp\/v2\/pages\/38\/revisions"}],"predecessor-version":[{"id":39,"href":"https:\/\/www.aravis-ce.com\/index.php\/wp-json\/wp\/v2\/pages\/38\/revisions\/39"}],"wp:attachment":[{"href":"https:\/\/www.aravis-ce.com\/index.php\/wp-json\/wp\/v2\/media?parent=38"}],"curies":[{"name":"wp","href":"https:\/\/api.w.org\/{rel}","templated":true}]}}