{"id":42,"date":"2025-04-17T01:52:55","date_gmt":"2025-04-16T23:52:55","guid":{"rendered":"https:\/\/www.aravis-ce.com\/?page_id=42"},"modified":"2025-04-17T02:24:16","modified_gmt":"2025-04-17T00:24:16","slug":"accompagnement-des-negociations-collectives","status":"publish","type":"page","link":"https:\/\/www.aravis-ce.com\/index.php\/accompagnement-des-negociations-collectives\/","title":{"rendered":"Accompagnement des n\u00e9gociations collectives"},"content":{"rendered":"\n<h2 class=\"wp-block-heading\"><\/h2>\n\n\n\n<p>Outre les situations de crise, ARAVIS CE intervient dans <strong>l\u2019accompagnement des n\u00e9gociations collectives<\/strong> courantes de l\u2019entreprise. Qu\u2019il s\u2019agisse de n\u00e9gociations obligatoires (\u00e9galit\u00e9 professionnelle, r\u00e9mun\u00e9ration, temps de travail, qualit\u00e9 de vie au travail, etc.) ou de n\u00e9gociations volontaires sur des accords sp\u00e9cifiques, le cabinet aide les parties prenantes \u00e0 <strong>pr\u00e9parer, conduire et aboutir<\/strong> ces n\u00e9gociations dans les meilleures conditions.<\/p>\n\n\n\n<ul class=\"wp-block-list\">\n<li><strong>Pr\u00e9paration strat\u00e9gique des n\u00e9gociations<\/strong> : En amont, le cabinet travaille pour <strong>d\u00e9finir une strat\u00e9gie de n\u00e9gociation<\/strong>. Cela implique d\u2019identifier les enjeux cl\u00e9s, de fixer des objectifs clairs, d\u2019analyser les positions de l\u2019autre partie et \u00e9ventuellement de se former \u00e0 certaines techniques de n\u00e9gociation. ARAVIS CE mobilise ses connaissances en <strong>droit du travail<\/strong> et en pratiques d\u2019entreprise pour anticiper les marges de man\u0153uvre et les points de blocage potentiels<\/li>\n\n\n\n<li><strong>Appui pendant la n\u00e9gociation<\/strong> : Durant les s\u00e9ances de n\u00e9gociation, ARAVIS CE peut avoir un r\u00f4le de <strong>conseiller technique<\/strong> en coulisses. Par exemple, assister le CSE ou la d\u00e9l\u00e9gation syndicale dans la r\u00e9daction de projets d\u2019accord ou de contre-propositions \u00e9crites, v\u00e9rifier la conformit\u00e9 juridique des clauses discut\u00e9es, <strong>fournir des arguments<\/strong> chiffr\u00e9s ou juridiques pour soutenir une revendication, etc. S\u2019il accompagne une direction, il peut l\u2019aider \u00e0 expliquer ses propositions de mani\u00e8re p\u00e9dagogue et constructive aux repr\u00e9sentants des salari\u00e9s. En cas de blocage persistant, le cabinet peut jouer un r\u00f4le de <strong>m\u00e9diateur<\/strong> neutre pour rapprocher les points de vue, en recentrant la discussion sur les int\u00e9r\u00eats communs et en explorant des solutions de compromis.<\/li>\n\n\n\n<li><strong>Finalisation de l\u2019accord et suivi<\/strong> : Apr\u00e8s qu\u2019un accord collectif est conclu, ARAVIS CE peut assister \u00e0 la <strong>mise en forme de l\u2019accord<\/strong> (relecture du texte final, v\u00e9rification de la conformit\u00e9 aux dispositions l\u00e9gales et conventionnelles). Le cabinet conseille \u00e9galement sur les formalit\u00e9s de signature et de d\u00e9p\u00f4t de l\u2019accord. Une fois l\u2019accord appliqu\u00e9, il peut aider les signataires \u00e0 <strong>communiquer<\/strong> sur son contenu aux salari\u00e9s et \u00e0 mettre en place des outils de suivi des engagements (par exemple, suivi des objectifs d\u2019un accord \u00e9galit\u00e9 professionnelle ou d\u2019un accord QVT sur plusieurs ann\u00e9es).<\/li>\n<\/ul>\n\n\n\n<p><em>Public concern\u00e9 :<\/em> Aussi bien les <strong>\u00e9quipes dirigeantes\/RH<\/strong> que les <strong>d\u00e9l\u00e9gations syndicales ou \u00e9lus de CSE<\/strong> impliqu\u00e9s dans une n\u00e9gociation. ARAVIS CE ayant une position d\u2019intervenant externe, il peut \u00eatre sollicit\u00e9 par l\u2019une ou l\u2019autre partie (dans le respect de r\u00e8gles d\u00e9ontologiques et de confidentialit\u00e9). Parfois, les deux parties d\u00e9cident conjointement de faire appel \u00e0 un tiers (facilitateur) pour s\u00e9curiser une n\u00e9gociation sensible : le cabinet peut alors agir en <strong>facilitateur de n\u00e9gociation<\/strong> commun.<\/p>\n\n\n\n<p><em>Objectifs :<\/em> <strong>Professionnaliser et pacifier les n\u00e9gociations collectives<\/strong>. Gr\u00e2ce \u00e0 son accompagnement, les parties gagnent en clart\u00e9 sur leurs objectifs et en comp\u00e9tence technique, ce qui augmente les chances d\u2019aboutir \u00e0 un <strong>accord \u00e9quilibr\u00e9 et juridiquement s\u00fbr<\/strong>. Il s\u2019agit in fine de <strong>favoriser la conclusion d\u2019accords \u201cgagnant-gagnant\u201d<\/strong> conformes au cadre l\u00e9gal, en am\u00e9liorant la compr\u00e9hension mutuelle entre direction et repr\u00e9sentants. Cet accompagnement contribue \u00e9galement \u00e0 <strong>cr\u00e9dibiliser le dialogue social<\/strong> dans l\u2019entreprise en montrant qu\u2019avec une bonne pr\u00e9paration, on peut parvenir \u00e0 des r\u00e9sultats concrets dans l\u2019int\u00e9r\u00eat de tous.<\/p>\n","protected":false},"excerpt":{"rendered":"<p>Outre les situations de crise, ARAVIS CE intervient dans l\u2019accompagnement des n\u00e9gociations collectives courantes de&hellip;<\/p>\n","protected":false},"author":1,"featured_media":0,"parent":0,"menu_order":0,"comment_status":"closed","ping_status":"closed","template":"","meta":{"footnotes":""},"class_list":["post-42","page","type-page","status-publish","hentry"],"_links":{"self":[{"href":"https:\/\/www.aravis-ce.com\/index.php\/wp-json\/wp\/v2\/pages\/42","targetHints":{"allow":["GET"]}}],"collection":[{"href":"https:\/\/www.aravis-ce.com\/index.php\/wp-json\/wp\/v2\/pages"}],"about":[{"href":"https:\/\/www.aravis-ce.com\/index.php\/wp-json\/wp\/v2\/types\/page"}],"author":[{"embeddable":true,"href":"https:\/\/www.aravis-ce.com\/index.php\/wp-json\/wp\/v2\/users\/1"}],"replies":[{"embeddable":true,"href":"https:\/\/www.aravis-ce.com\/index.php\/wp-json\/wp\/v2\/comments?post=42"}],"version-history":[{"count":2,"href":"https:\/\/www.aravis-ce.com\/index.php\/wp-json\/wp\/v2\/pages\/42\/revisions"}],"predecessor-version":[{"id":69,"href":"https:\/\/www.aravis-ce.com\/index.php\/wp-json\/wp\/v2\/pages\/42\/revisions\/69"}],"wp:attachment":[{"href":"https:\/\/www.aravis-ce.com\/index.php\/wp-json\/wp\/v2\/media?parent=42"}],"curies":[{"name":"wp","href":"https:\/\/api.w.org\/{rel}","templated":true}]}}