{"id":5,"date":"2025-04-15T02:13:24","date_gmt":"2025-04-15T00:13:24","guid":{"rendered":"https:\/\/www.aravis-ce.com\/?page_id=5"},"modified":"2025-04-17T03:12:18","modified_gmt":"2025-04-17T01:12:18","slug":"accueil","status":"publish","type":"page","link":"https:\/\/www.aravis-ce.com\/","title":{"rendered":"Accueil"},"content":{"rendered":"\n<div class=\"wp-block-cover alignfull is-light hero-pattern\" style=\"min-height:34rem;aspect-ratio:unset;\"><span aria-hidden=\"true\" class=\"wp-block-cover__background has-background-dim-100 has-background-dim\" style=\"background-color:#f5f7fa\"><\/span><div class=\"wp-block-cover__inner-container is-layout-flow wp-block-cover-is-layout-flow\">\n<div class=\"wp-block-group is-layout-constrained wp-block-group-is-layout-constrained\">\n<div class=\"wp-block-columns alignwide p-animation-text-moveUp is-layout-flex wp-container-core-columns-is-layout-1b715042 wp-block-columns-is-layout-flex\">\n<div class=\"wp-block-column is-vertically-aligned-center is-layout-flow wp-block-column-is-layout-flow\">\n<h1 class=\"wp-block-heading has-text-primary-color has-text-color\">Partenaire des CSE et des entreprises pour un dialogue social efficace, durable et humain.<\/h1>\n\n\n\n<div style=\"height:8px\" aria-hidden=\"true\" class=\"wp-block-spacer\"><\/div>\n\n\n\n<p class=\"has-text-primary-color has-text-color\"><strong>Des conseils concrets, une expertise reconnue, au service d\u2019un dialogue social utile et constructif.<\/strong><\/p>\n\n\n\n<div style=\"height:16px\" aria-hidden=\"true\" class=\"wp-block-spacer\"><\/div>\n\n\n\n<div class=\"wp-block-buttons is-layout-flex wp-block-buttons-is-layout-flex\">\n<div class=\"wp-block-button\"><a class=\"wp-block-button__link wp-element-button\"><span>P<\/span>lanifier une formation<\/a><\/div>\n\n\n\n<div class=\"wp-block-button is-style-fill\"><a class=\"wp-block-button__link has-black-color has-text-color has-background wp-element-button\" style=\"border-radius:3px;background-color:#ebeefc\"><span>B<\/span>esoin d&#8217;un conseil <\/a><\/div>\n<\/div>\n<\/div>\n\n\n\n<div class=\"wp-block-column is-vertically-aligned-center is-layout-flow wp-block-column-is-layout-flow\">\n<figure class=\"wp-block-image size-full\"><img decoding=\"async\" src=\"https:\/\/www.aravis-ce.com\/wp-content\/themes\/prespa\/assets\/img\/patterns\/header-illustration.png\" alt=\"\" class=\"wp-image-2027\"\/><\/figure>\n<\/div>\n<\/div>\n<\/div>\n<\/div><\/div>\n\n\n\n<div class=\"wp-block-group pattern-features p-animation-move-sideways is-layout-constrained wp-container-core-group-is-layout-5986cb94 wp-block-group-is-layout-constrained\" style=\"margin-top:0;margin-bottom:var(--wp--preset--spacing--xx-large);padding-top:0;padding-right:0;padding-bottom:0;padding-left:0\">\n<div class=\"wp-block-columns is-layout-flex wp-container-core-columns-is-layout-5ba13084 wp-block-columns-is-layout-flex\" style=\"padding-top:var(--wp--preset--spacing--large);padding-bottom:var(--wp--preset--spacing--large)\">\n<div class=\"wp-block-column is-vertically-aligned-center is-layout-flow wp-block-column-is-layout-flow\" style=\"padding-top:var(--wp--preset--spacing--large);padding-right:var(--wp--preset--spacing--small);padding-bottom:var(--wp--preset--spacing--large);padding-left:var(--wp--preset--spacing--small)\">\n<figure class=\"wp-block-image aligncenter size-full is-resized bk-duotone-primary\"><img decoding=\"async\" src=\"https:\/\/www.aravis-ce.com\/wp-content\/themes\/prespa\/assets\/img\/patterns\/icons\/user-friendly.svg\" alt=\"\" class=\"wp-image-253\" style=\"width:40px;height:40px\"\/><\/figure>\n\n\n\n<h5 class=\"wp-block-heading has-text-align-center\" style=\"padding-top:var(--wp--preset--spacing--xx-small);letter-spacing:-0.04em;line-height:1.1\">Formateur des repr\u00e9sentants du personnel (IRP)<\/h5>\n\n\n\n<p class=\"has-text-align-center\"><strong>Objectif :<\/strong> Renforcer les comp\u00e9tences juridiques, \u00e9conomiques pour permettre d\u2019exercer le mandat.<\/p>\n<\/div>\n\n\n\n<div class=\"wp-block-column is-vertically-aligned-center has-grey-background-color has-gray-background-color has-background is-layout-flow wp-block-column-is-layout-flow\" style=\"padding-top:var(--wp--preset--spacing--large);padding-right:var(--wp--preset--spacing--small);padding-bottom:var(--wp--preset--spacing--large);padding-left:var(--wp--preset--spacing--small)\">\n<figure class=\"wp-block-image aligncenter size-full is-resized bk-duotone-primary\"><img decoding=\"async\" src=\"https:\/\/www.aravis-ce.com\/wp-content\/themes\/prespa\/assets\/img\/patterns\/icons\/collaboration-support.svg\" alt=\"\" class=\"wp-image-254\" style=\"width:40px;height:40px\"\/><\/figure>\n\n\n\n<h5 class=\"wp-block-heading has-text-align-center\" style=\"padding-top:var(--wp--preset--spacing--xx-small);letter-spacing:-0.03em;line-height:1.1\">Conseiller en relations sociales &amp; mutations <\/h5>\n\n\n\n<p class=\"has-text-align-center\"><strong>Objectif :<\/strong> S\u00e9curiser les processus, favoriser un climat social apais\u00e9 et construire des solutions concert\u00e9es.<\/p>\n<\/div>\n\n\n\n<div class=\"wp-block-column is-vertically-aligned-center is-layout-flow wp-block-column-is-layout-flow\" style=\"border-style:none;border-width:0px;padding-top:var(--wp--preset--spacing--large);padding-right:var(--wp--preset--spacing--small);padding-bottom:var(--wp--preset--spacing--large);padding-left:var(--wp--preset--spacing--small)\">\n<figure class=\"wp-block-image aligncenter size-full is-resized bk-duotone-primary wp-duotone-2253cb-2253cb-1\"><img decoding=\"async\" src=\"https:\/\/www.aravis-ce.com\/wp-content\/themes\/prespa\/assets\/img\/patterns\/icons\/advanced-analytics.svg\" alt=\"\" class=\"wp-image-256\" style=\"width:40px;height:40px\"\/><\/figure>\n\n\n\n<h5 class=\"wp-block-heading has-text-align-center\" style=\"padding-top:var(--wp--preset--spacing--xx-small);letter-spacing:-0.03em;line-height:1.1\">Consultant en conditions de travail &amp; QVT<\/h5>\n\n\n\n<p class=\"has-text-align-center\"><strong>Objectif :<\/strong> Pr\u00e9venir les risques, r\u00e9duire les tensions et favoriser un environnement de travail durable et performant.<\/p>\n<\/div>\n<\/div>\n<\/div>\n\n\n\n<div class=\"wp-block-group is-layout-constrained wp-block-group-is-layout-constrained\" style=\"padding-top:var(--wp--preset--spacing--large);padding-bottom:var(--wp--preset--spacing--large)\">\n<h2 class=\"wp-block-heading has-text-align-center p-animation-moveUp\" style=\"letter-spacing:-0.03em;line-height:1.1;text-transform:none\">Renforcez votre mandat &amp; exp\u00e9rience RH<\/h2>\n\n\n\n<p class=\"has-text-align-center p-animation-moveUp\">Elementum quia fugit cum euismod, varius hymenaeos.<\/p>\n\n\n\n<div class=\"wp-block-columns p-animation-text-moveUp is-layout-flex wp-container-core-columns-is-layout-d8a81c52 wp-block-columns-is-layout-flex\" style=\"margin-bottom:0;padding-top:var(--wp--preset--spacing--large);padding-right:0;padding-bottom:var(--wp--preset--spacing--large);padding-left:0\">\n<div class=\"wp-block-column is-layout-flow wp-block-column-is-layout-flow\">\n<div class=\"wp-block-columns is-layout-flex wp-container-core-columns-is-layout-28f84493 wp-block-columns-is-layout-flex\">\n<div class=\"wp-block-column is-layout-flow wp-block-column-is-layout-flow\">\n<figure class=\"wp-block-image size-full has-custom-border\"><img decoding=\"async\" src=\"https:\/\/www.aravis-ce.com\/wp-content\/themes\/prespa\/assets\/img\/patterns\/how-it-works-part-1.png\" alt=\"\" class=\"wp-image-288\" style=\"border-radius:6px\"\/><\/figure>\n<\/div>\n<\/div>\n<\/div>\n\n\n\n<div class=\"wp-block-column is-vertically-aligned-center is-layout-flow wp-block-column-is-layout-flow\">\n<h3 class=\"wp-block-heading\" style=\"padding-bottom:var(--wp--preset--spacing--xx-small);letter-spacing:-0.02em;line-height:1.2\">La formation est une \u00e9tape indispensable pour comprendre le cadre l\u00e9gal et le fonctionnement du CSE sur ses pr\u00e9rogatives<\/h3>\n\n\n\n<p><strong><em>2 formations obligatoires : <\/em><\/strong><\/p>\n\n\n\n<ul class=\"wp-block-list\">\n<li>une session de 3 \u00e0 5 jours sur les sujets SSCT<\/li>\n\n\n\n<li>une session de 3 \u00e0 5 jour sur les sujets juridiques &amp; \u00e9conomiques<\/li>\n<\/ul>\n\n\n\n<div class=\"wp-block-buttons is-layout-flex wp-block-buttons-is-layout-flex\">\n<div class=\"wp-block-button p-btn-animation-border-move\"><a class=\"wp-block-button__link wp-element-button\" href=\"#\">En savoir +<\/a><\/div>\n<\/div>\n<\/div>\n<\/div>\n\n\n\n<div class=\"wp-block-columns is-swap-on-mobile p-animation-text-moveUp is-layout-flex wp-container-core-columns-is-layout-13455e4b wp-block-columns-is-layout-flex\" style=\"margin-bottom:var(--wp--preset--spacing--large)\">\n<div class=\"wp-block-column is-vertically-aligned-center is-layout-flow wp-block-column-is-layout-flow\">\n<h3 class=\"wp-block-heading\" style=\"padding-bottom:var(--wp--preset--spacing--xx-small);letter-spacing:-0.02em;line-height:1.2\">Compl\u00e9ter votre formation avec des formations sur mesure<\/h3>\n\n\n\n<ul class=\"wp-block-list\">\n<li>Enqu\u00eates RPS \/ DUERP<\/li>\n\n\n\n<li>N\u00e9gociation NAO \/ QVT<\/li>\n\n\n\n<li>R\u00e9organisation \/ PSE \/ Fusion<\/li>\n<\/ul>\n\n\n\n<div class=\"wp-block-buttons is-layout-flex wp-block-buttons-is-layout-flex\">\n<div class=\"wp-block-button p-btn-animation-border-move\"><a class=\"wp-block-button__link wp-element-button\" href=\"#\">En savoir +<\/a><\/div>\n<\/div>\n<\/div>\n\n\n\n<div class=\"wp-block-column is-layout-flow wp-block-column-is-layout-flow\">\n<div class=\"wp-block-columns is-layout-flex wp-container-core-columns-is-layout-28f84493 wp-block-columns-is-layout-flex\">\n<div class=\"wp-block-column is-layout-flow wp-block-column-is-layout-flow\">\n<figure class=\"wp-block-image size-full has-custom-border\"><img decoding=\"async\" src=\"https:\/\/www.aravis-ce.com\/wp-content\/themes\/prespa\/assets\/img\/patterns\/how-it-works-part-2.png\" alt=\"\" class=\"wp-image-288\" style=\"border-radius:6px\"\/><\/figure>\n<\/div>\n<\/div>\n<\/div>\n<\/div>\n\n\n\n<div class=\"wp-block-columns p-animation-text-moveUp is-layout-flex wp-container-core-columns-is-layout-318252f0 wp-block-columns-is-layout-flex\">\n<div class=\"wp-block-column is-layout-flow wp-block-column-is-layout-flow\">\n<div class=\"wp-block-columns is-layout-flex wp-container-core-columns-is-layout-28f84493 wp-block-columns-is-layout-flex\">\n<div class=\"wp-block-column is-layout-flow wp-block-column-is-layout-flow\">\n<figure class=\"wp-block-image size-full has-custom-border\"><img decoding=\"async\" src=\"https:\/\/www.aravis-ce.com\/wp-content\/themes\/prespa\/assets\/img\/patterns\/how-it-works-part-3.png\" alt=\"\" class=\"wp-image-288\" style=\"border-radius:6px\"\/><\/figure>\n<\/div>\n<\/div>\n<\/div>\n\n\n\n<div class=\"wp-block-column is-vertically-aligned-center is-layout-flow wp-block-column-is-layout-flow\">\n<h3 class=\"wp-block-heading\" style=\"padding-bottom:var(--wp--preset--spacing--xx-small);letter-spacing:-0.02em;line-height:1.2\">Maitriser le fonctionnement de votre CSE<\/h3>\n\n\n\n<ul class=\"wp-block-list\">\n<li>Gestion des Odj &amp; PV<\/li>\n\n\n\n<li>Informations \/ consultations<\/li>\n\n\n\n<li>Compr\u00e9hension des documents de base<\/li>\n\n\n\n<li>Organiser les ASC<\/li>\n\n\n\n<li>Attention URSSAF<\/li>\n\n\n\n<li>Tr\u00e9sorerie &amp; comptes du CSE<\/li>\n\n\n\n<li>Dialogue social constructif<\/li>\n\n\n\n<li>N\u00e9gociation ++<br><\/li>\n<\/ul>\n\n\n\n<div class=\"wp-block-buttons is-layout-flex wp-block-buttons-is-layout-flex\">\n<div class=\"wp-block-button p-btn-animation-border-move\"><a class=\"wp-block-button__link wp-element-button\" href=\"#\">En savoir +<\/a><\/div>\n<\/div>\n<\/div>\n<\/div>\n<\/div>\n\n\n\n<div class=\"wp-block-group alignfull section-stats-counter has-gray-background-color has-background is-layout-constrained wp-block-group-is-layout-constrained\">\n<div class=\"wp-block-columns is-layout-flex wp-container-core-columns-is-layout-0cd477d5 wp-block-columns-is-layout-flex\" style=\"padding-top:var(--wp--preset--spacing--small);padding-bottom:var(--wp--preset--spacing--small)\">\n<div class=\"wp-block-column is-layout-flow wp-block-column-is-layout-flow\" style=\"padding-top:var(--wp--preset--spacing--small);padding-bottom:var(--wp--preset--spacing--small)\">\n<figure class=\"wp-block-image aligncenter size-full\"><img decoding=\"async\" src=\"https:\/\/www.aravis-ce.com\/wp-content\/themes\/prespa\/assets\/img\/patterns\/icons\/home.svg\" alt=\"\" class=\"wp-image-2079\"\/><\/figure>\n\n\n\n<h2 class=\"wp-block-heading has-text-align-center has-large-font-size\">2011<\/h2>\n\n\n\n<p class=\"has-text-align-center\">Since<\/p>\n<\/div>\n\n\n\n<div class=\"wp-block-column increase is-layout-flow wp-block-column-is-layout-flow\" style=\"padding-top:var(--wp--preset--spacing--small);padding-bottom:var(--wp--preset--spacing--small)\">\n<figure class=\"wp-block-image aligncenter size-full\"><img decoding=\"async\" src=\"https:\/\/www.aravis-ce.com\/wp-content\/themes\/prespa\/assets\/img\/patterns\/icons\/users.svg\" alt=\"\" class=\"wp-image-2079\"\/><\/figure>\n\n\n\n<h2 class=\"wp-block-heading has-text-align-center has-large-font-size\">1 000+<\/h2>\n\n\n\n<p class=\"has-text-align-center\">Stagiaires form\u00e9s<\/p>\n<\/div>\n\n\n\n<div class=\"wp-block-column increase is-layout-flow wp-block-column-is-layout-flow\" style=\"padding-top:var(--wp--preset--spacing--small);padding-bottom:var(--wp--preset--spacing--small)\">\n<figure class=\"wp-block-image aligncenter size-full\"><img decoding=\"async\" src=\"https:\/\/www.aravis-ce.com\/wp-content\/themes\/prespa\/assets\/img\/patterns\/icons\/check-square.svg\" alt=\"\" class=\"wp-image-2079\"\/><\/figure>\n\n\n\n<h2 class=\"wp-block-heading has-text-align-center has-large-font-size\">99%<\/h2>\n\n\n\n<p class=\"has-text-align-center\">Satisfaction<\/p>\n<\/div>\n\n\n\n<div class=\"wp-block-column increase is-layout-flow wp-block-column-is-layout-flow\" style=\"padding-top:var(--wp--preset--spacing--small);padding-bottom:var(--wp--preset--spacing--small)\">\n<figure class=\"wp-block-image aligncenter size-full\"><img decoding=\"async\" src=\"https:\/\/www.aravis-ce.com\/wp-content\/themes\/prespa\/assets\/img\/patterns\/icons\/user-check.svg\" alt=\"\" class=\"wp-image-2079\"\/><\/figure>\n\n\n\n<h2 class=\"wp-block-heading has-text-align-center has-large-font-size\">25+<\/h2>\n\n\n\n<p class=\"has-text-align-center\">Exp\u00e9rience<\/p>\n<\/div>\n<\/div>\n<\/div>\n\n\n\n<div class=\"wp-block-cover alignfull is-light has-parallax\"><div class=\"wp-block-cover__image-background wp-image-1867 has-parallax\" style=\"background-position:50% 50%;background-image:url(https:\/\/www.aravis-ce.com\/wp-content\/themes\/prespa\/assets\/img\/patterns\/contact-us.jpg)\"><\/div><span aria-hidden=\"true\" class=\"wp-block-cover__background has-background-dim-10 has-background-dim\"><\/span><div class=\"wp-block-cover__inner-container is-layout-flow wp-block-cover-is-layout-flow\">\n<div class=\"wp-block-group p-animation-text-transform is-layout-constrained wp-block-group-is-layout-constrained\">\n<h2 class=\"wp-block-heading has-text-align-center has-white-color has-text-color has-x-large-font-size\">Contactez-nous<\/h2>\n\n\n\n<p class=\"has-text-align-center has-white-color has-text-color\">Vous avez une question&nbsp;? Nous avons toutes les r\u00e9ponses.<\/p>\n\n\n\n<div style=\"height:8px\" aria-hidden=\"true\" class=\"wp-block-spacer\"><\/div>\n\n\n\n<div class=\"wp-block-buttons is-layout-flex wp-block-buttons-is-layout-flex\">\n<div class=\"wp-block-button aligncenter p-btn-animation-border-move p-animation-text-transform is-style-fill\"><a class=\"wp-block-button__link wp-element-button\"><span>Contactez-nous<\/span><\/a><\/div>\n<\/div>\n<\/div>\n<\/div><\/div>\n","protected":false},"excerpt":{"rendered":"<p>Formateur des repr\u00e9sentants du personnel (IRP) Objectif : Renforcer les comp\u00e9tences juridiques, \u00e9conomiques pour permettre&hellip;<\/p>\n","protected":false},"author":1,"featured_media":0,"parent":0,"menu_order":0,"comment_status":"closed","ping_status":"closed","template":"","meta":{"footnotes":""},"class_list":["post-5","page","type-page","status-publish","hentry"],"_links":{"self":[{"href":"https:\/\/www.aravis-ce.com\/index.php\/wp-json\/wp\/v2\/pages\/5","targetHints":{"allow":["GET"]}}],"collection":[{"href":"https:\/\/www.aravis-ce.com\/index.php\/wp-json\/wp\/v2\/pages"}],"about":[{"href":"https:\/\/www.aravis-ce.com\/index.php\/wp-json\/wp\/v2\/types\/page"}],"author":[{"embeddable":true,"href":"https:\/\/www.aravis-ce.com\/index.php\/wp-json\/wp\/v2\/users\/1"}],"replies":[{"embeddable":true,"href":"https:\/\/www.aravis-ce.com\/index.php\/wp-json\/wp\/v2\/comments?post=5"}],"version-history":[{"count":11,"href":"https:\/\/www.aravis-ce.com\/index.php\/wp-json\/wp\/v2\/pages\/5\/revisions"}],"predecessor-version":[{"id":82,"href":"https:\/\/www.aravis-ce.com\/index.php\/wp-json\/wp\/v2\/pages\/5\/revisions\/82"}],"wp:attachment":[{"href":"https:\/\/www.aravis-ce.com\/index.php\/wp-json\/wp\/v2\/media?parent=5"}],"curies":[{"name":"wp","href":"https:\/\/api.w.org\/{rel}","templated":true}]}}